{"id":1494,"date":"2023-12-28T14:03:22","date_gmt":"2023-12-28T14:03:22","guid":{"rendered":"https:\/\/www.hotel-jumbo.com\/?page_id=1494"},"modified":"2025-03-24T12:36:39","modified_gmt":"2025-03-24T12:36:39","slug":"offers","status":"publish","type":"page","link":"https:\/\/www.hotel-jumbo.com\/ro\/offers\/","title":{"rendered":"Promo\u021bii speciale"},"content":{"rendered":"<div data-elementor-type=\"wp-page\" data-elementor-id=\"1494\" class=\"elementor elementor-1494\">\n\t\t\t\t\t\t<section class=\"elementor-section elementor-top-section elementor-element elementor-element-b643e7b elementor-section-boxed elementor-section-height-default elementor-section-height-default\" data-id=\"b643e7b\" data-element_type=\"section\" data-e-type=\"section\" data-settings=\"{&quot;background_background&quot;:&quot;classic&quot;}\">\n\t\t\t\t\t\t<div class=\"elementor-container elementor-column-gap-no\">\n\t\t\t\t\t<div class=\"elementor-column elementor-col-100 elementor-top-column elementor-element elementor-element-3cd08d8c\" data-id=\"3cd08d8c\" data-element_type=\"column\" data-e-type=\"column\">\n\t\t\t<div class=\"elementor-widget-wrap elementor-element-populated\">\n\t\t\t\t\t\t<div class=\"elementor-element elementor-element-37799779 elementor-widget elementor-widget-heading\" data-id=\"37799779\" data-element_type=\"widget\" data-e-type=\"widget\" data-widget_type=\"heading.default\">\n\t\t\t\t<div class=\"elementor-widget-container\">\n\t\t\t\t\t<h1 class=\"elementor-heading-title elementor-size-default\">Promo\u021bii speciale<\/h1>\t\t\t\t<\/div>\n\t\t\t\t<\/div>\n\t\t\t\t\t<\/div>\n\t\t<\/div>\n\t\t\t\t\t<\/div>\n\t\t<\/section>\n\t\t<div class=\"elementor-element elementor-element-bab2bb2 e-flex e-con-boxed e-con e-parent\" data-id=\"bab2bb2\" data-element_type=\"container\" data-e-type=\"container\">\n\t\t\t\t\t<div class=\"e-con-inner\">\n\t\t\t\t<div class=\"elementor-element elementor-element-a7e2be1 elementor-widget elementor-widget-hfe-breadcrumbs-widget\" data-id=\"a7e2be1\" data-element_type=\"widget\" data-e-type=\"widget\" data-widget_type=\"hfe-breadcrumbs-widget.default\">\n\t\t\t\t<div class=\"elementor-widget-container\">\n\t\t\t\t\t<nav aria-label=\"Miezul de p\u00e2ine\"><ul class=\"hfe-breadcrumbs hfe-breadcrumbs-show-home\"><li class=\"hfe-breadcrumbs-item hfe-breadcrumbs-first\"><span class=\"hfe-breadcrumbs-home-icon\"><svg aria-hidden=\"true\" class=\"e-font-icon-svg e-fas-home\" viewbox=\"0 0 576 512\" xmlns=\"http:\/\/www.w3.org\/2000\/svg\"><path d=\"M280.37 148.26L96 300.11V464a16 16 0 0 0 16 16l112.06-.29a16 16 0 0 0 15.92-16V368a16 16 0 0 1 16-16h64a16 16 0 0 1 16 16v95.64a16 16 0 0 0 16 16.05L464 480a16 16 0 0 0 16-16V300L295.67 148.26a12.19 12.19 0 0 0-15.3 0zM571.6 251.47L488 182.56V44.05a12 12 0 0 0-12-12h-56a12 12 0 0 0-12 12v72.61L318.47 43a48 48 0 0 0-61 0L4.34 251.47a12 12 0 0 0-1.6 16.9l25.5 31A12 12 0 0 0 45.15 301l235.22-193.74a12.19 12.19 0 0 1 15.3 0L530.9 301a12 12 0 0 0 16.9-1.6l25.5-31a12 12 0 0 0-1.7-16.93z\"><\/path><\/svg><\/span><a href=\"https:\/\/www.hotel-jumbo.com\/ro\/\"><span class=\"hfe-breadcrumbs-text\">Prima<\/span><\/a><\/li><\/ul><\/nav>\t\t\t\t<\/div>\n\t\t\t\t<\/div>\n\t\t\t\t\t<\/div>\n\t\t\t\t<\/div>\n\t\t\t\t<section class=\"elementor-section elementor-top-section elementor-element elementor-element-7a2f5f8b elementor-section-boxed elementor-section-height-default elementor-section-height-default\" data-id=\"7a2f5f8b\" data-element_type=\"section\" data-e-type=\"section\">\n\t\t\t\t\t\t<div class=\"elementor-container elementor-column-gap-no\">\n\t\t\t\t\t<div class=\"elementor-column elementor-col-100 elementor-top-column elementor-element elementor-element-2ef4df2e\" data-id=\"2ef4df2e\" data-element_type=\"column\" data-e-type=\"column\">\n\t\t\t<div class=\"elementor-widget-wrap elementor-element-populated\">\n\t\t\t\t\t\t<div class=\"elementor-element elementor-element-49e7cfb elementor-widget elementor-widget-heading\" data-id=\"49e7cfb\" data-element_type=\"widget\" data-e-type=\"widget\" data-widget_type=\"heading.default\">\n\t\t\t\t<div class=\"elementor-widget-container\">\n\t\t\t\t\t<h2 class=\"elementor-heading-title elementor-size-default\">Deschide\u021bi ast\u0103zi o lume a economiilor! Explora\u021bi site-ul nostru \u0219i profita\u021bi de oportunitatea de a v\u0103 \u00eembun\u0103t\u0103\u021bi \u0219ederea cu oferte \u00eenc\u00e2nt\u0103toare.<\/h2>\t\t\t\t<\/div>\n\t\t\t\t<\/div>\n\t\t\t\t\t<\/div>\n\t\t<\/div>\n\t\t\t\t\t<\/div>\n\t\t<\/section>\n\t\t<div class=\"elementor-element elementor-element-979ec30 e-flex e-con-boxed e-con e-parent\" data-id=\"979ec30\" data-element_type=\"container\" data-e-type=\"container\">\n\t\t\t\t\t<div class=\"e-con-inner\">\n\t\t<div class=\"elementor-element elementor-element-59af4c1 e-con-full e-flex e-con e-child\" data-id=\"59af4c1\" data-element_type=\"container\" data-e-type=\"container\" data-settings=\"{&quot;background_background&quot;:&quot;slideshow&quot;,&quot;background_slideshow_gallery&quot;:[],&quot;background_slideshow_loop&quot;:&quot;yes&quot;,&quot;background_slideshow_slide_duration&quot;:5000,&quot;background_slideshow_slide_transition&quot;:&quot;fade&quot;,&quot;background_slideshow_transition_duration&quot;:500}\">\n\t\t\t\t<div class=\"elementor-element elementor-element-af18f85 elementor-widget elementor-widget-image\" data-id=\"af18f85\" data-element_type=\"widget\" data-e-type=\"widget\" data-widget_type=\"image.default\">\n\t\t\t\t<div class=\"elementor-widget-container\">\n\t\t\t\t\t\t\t\t\t\t\t\t\t\t\t<img fetchpriority=\"high\" decoding=\"async\" width=\"768\" height=\"768\" src=\"https:\/\/www.hotel-jumbo.com\/wp-content\/uploads\/2025\/02\/66606152.jpg\" class=\"elementor-animation-float attachment-large size-large wp-image-2254\" alt=\"\" srcset=\"https:\/\/www.hotel-jumbo.com\/wp-content\/uploads\/2025\/02\/66606152.jpg 768w, https:\/\/www.hotel-jumbo.com\/wp-content\/uploads\/2025\/02\/66606152-300x300.jpg 300w, https:\/\/www.hotel-jumbo.com\/wp-content\/uploads\/2025\/02\/66606152-150x150.jpg 150w, https:\/\/www.hotel-jumbo.com\/wp-content\/uploads\/2025\/02\/66606152-12x12.jpg 12w\" sizes=\"(max-width: 768px) 100vw, 768px\" \/>\t\t\t\t\t\t\t\t\t\t\t\t\t\t\t<\/div>\n\t\t\t\t<\/div>\n\t\t\t\t<\/div>\n\t\t<div class=\"elementor-element elementor-element-db611c2 e-con-full e-flex e-con e-child\" data-id=\"db611c2\" data-element_type=\"container\" data-e-type=\"container\">\n\t\t\t\t<div class=\"elementor-element elementor-element-b736d1e elementor-widget elementor-widget-heading\" data-id=\"b736d1e\" data-element_type=\"widget\" data-e-type=\"widget\" data-widget_type=\"heading.default\">\n\t\t\t\t<div class=\"elementor-widget-container\">\n\t\t\t\t\t<h3 class=\"elementor-heading-title elementor-size-default\"><a href=\"\/ro\/offers\/bed-and-breakfast\/\">Camer\u0103 &amp; Mic Dejun<\/a><\/h3>\t\t\t\t<\/div>\n\t\t\t\t<\/div>\n\t\t\t\t<div class=\"elementor-element elementor-element-c975d0e elementor-widget elementor-widget-text-editor\" data-id=\"c975d0e\" data-element_type=\"widget\" data-e-type=\"widget\" data-widget_type=\"text-editor.default\">\n\t\t\t\t<div class=\"elementor-widget-container\">\n\t\t\t\t\t\t\t\t\t<p>Cufunda\u021bi-v\u0103 \u00een atmosfera confortabil\u0103 \u0219i confortabil\u0103 a Jumbo Hotel Chi\u0219in\u0103u! Planul nostru de tarife speciale ofer\u0103 echilibrul perfect \u00eentre comoditate \u0219i accesibilitate.<\/p>\t\t\t\t\t\t\t\t<\/div>\n\t\t\t\t<\/div>\n\t\t\t\t<div class=\"elementor-element elementor-element-f5b2520 elementor-widget elementor-widget-button\" data-id=\"f5b2520\" data-element_type=\"widget\" data-e-type=\"widget\" data-widget_type=\"button.default\">\n\t\t\t\t<div class=\"elementor-widget-container\">\n\t\t\t\t\t\t\t\t\t<div class=\"elementor-button-wrapper\">\n\t\t\t\t\t<a class=\"elementor-button elementor-button-link elementor-size-sm\" href=\"\/ro\/booking\/?be-offer=10059237\">\n\t\t\t\t\t\t<span class=\"elementor-button-content-wrapper\">\n\t\t\t\t\t\t\t\t\t<span class=\"elementor-button-text\">Rezervare<\/span>\n\t\t\t\t\t<\/span>\n\t\t\t\t\t<\/a>\n\t\t\t\t<\/div>\n\t\t\t\t\t\t\t\t<\/div>\n\t\t\t\t<\/div>\n\t\t\t\t<\/div>\n\t\t\t\t\t<\/div>\n\t\t\t\t<\/div>\n\t\t<div class=\"elementor-element elementor-element-f455ad2 e-flex e-con-boxed e-con e-parent\" data-id=\"f455ad2\" data-element_type=\"container\" data-e-type=\"container\">\n\t\t\t\t\t<div class=\"e-con-inner\">\n\t\t<div class=\"elementor-element elementor-element-4893854 e-con-full e-flex e-con e-child\" data-id=\"4893854\" data-element_type=\"container\" data-e-type=\"container\">\n\t\t\t\t<div class=\"elementor-element elementor-element-53096bd elementor-widget elementor-widget-image\" data-id=\"53096bd\" data-element_type=\"widget\" data-e-type=\"widget\" data-widget_type=\"image.default\">\n\t\t\t\t<div class=\"elementor-widget-container\">\n\t\t\t\t\t\t\t\t\t\t\t\t\t\t\t<img decoding=\"async\" width=\"1024\" height=\"683\" src=\"https:\/\/www.hotel-jumbo.com\/wp-content\/uploads\/2025\/02\/87963708.jpg\" class=\"elementor-animation-float attachment-large size-large wp-image-2256\" alt=\"\" srcset=\"https:\/\/www.hotel-jumbo.com\/wp-content\/uploads\/2025\/02\/87963708.jpg 1024w, https:\/\/www.hotel-jumbo.com\/wp-content\/uploads\/2025\/02\/87963708-300x200.jpg 300w, https:\/\/www.hotel-jumbo.com\/wp-content\/uploads\/2025\/02\/87963708-768x512.jpg 768w, https:\/\/www.hotel-jumbo.com\/wp-content\/uploads\/2025\/02\/87963708-18x12.jpg 18w\" sizes=\"(max-width: 1024px) 100vw, 1024px\" \/>\t\t\t\t\t\t\t\t\t\t\t\t\t\t\t<\/div>\n\t\t\t\t<\/div>\n\t\t\t\t<\/div>\n\t\t<div class=\"elementor-element elementor-element-5e91568 e-con-full e-flex e-con e-child\" data-id=\"5e91568\" data-element_type=\"container\" data-e-type=\"container\">\n\t\t\t\t<div class=\"elementor-element elementor-element-62ef9ad elementor-widget elementor-widget-heading\" data-id=\"62ef9ad\" data-element_type=\"widget\" data-e-type=\"widget\" data-widget_type=\"heading.default\">\n\t\t\t\t<div class=\"elementor-widget-container\">\n\t\t\t\t\t<h3 class=\"elementor-heading-title elementor-size-default\"><a href=\"\/ro\/offers\/bed-and-half-board\/\">Camer\u0103 &amp; Demipensiune<\/a><\/h3>\t\t\t\t<\/div>\n\t\t\t\t<\/div>\n\t\t\t\t<div class=\"elementor-element elementor-element-8499297 elementor-widget elementor-widget-text-editor\" data-id=\"8499297\" data-element_type=\"widget\" data-e-type=\"widget\" data-widget_type=\"text-editor.default\">\n\t\t\t\t<div class=\"elementor-widget-container\">\n\t\t\t\t\t\t\t\t\t<p>Plan tarifar special doar pentru vizitatorii site-ului nostru: rezerva\u021bi o camer\u0103 cu mic dejun \u0219i cin\u0103 la cel mai bun pre\u021b.<\/p>\t\t\t\t\t\t\t\t<\/div>\n\t\t\t\t<\/div>\n\t\t\t\t<div class=\"elementor-element elementor-element-ae10929 elementor-widget elementor-widget-button\" data-id=\"ae10929\" data-element_type=\"widget\" data-e-type=\"widget\" data-widget_type=\"button.default\">\n\t\t\t\t<div class=\"elementor-widget-container\">\n\t\t\t\t\t\t\t\t\t<div class=\"elementor-button-wrapper\">\n\t\t\t\t\t<a class=\"elementor-button elementor-button-link elementor-size-sm\" href=\"\/ro\/booking\/?be-offer=10072959\">\n\t\t\t\t\t\t<span class=\"elementor-button-content-wrapper\">\n\t\t\t\t\t\t\t\t\t<span class=\"elementor-button-text\">Rezervare<\/span>\n\t\t\t\t\t<\/span>\n\t\t\t\t\t<\/a>\n\t\t\t\t<\/div>\n\t\t\t\t\t\t\t\t<\/div>\n\t\t\t\t<\/div>\n\t\t\t\t<\/div>\n\t\t\t\t\t<\/div>\n\t\t\t\t<\/div>\n\t\t<div class=\"elementor-element elementor-element-82adbd3 e-flex e-con-boxed e-con e-parent\" data-id=\"82adbd3\" data-element_type=\"container\" data-e-type=\"container\">\n\t\t\t\t\t<div class=\"e-con-inner\">\n\t\t<div class=\"elementor-element elementor-element-13c5685 e-con-full e-flex e-con e-child\" data-id=\"13c5685\" data-element_type=\"container\" data-e-type=\"container\">\n\t\t\t\t<div class=\"elementor-element elementor-element-a55045b elementor-widget elementor-widget-image\" data-id=\"a55045b\" data-element_type=\"widget\" data-e-type=\"widget\" data-widget_type=\"image.default\">\n\t\t\t\t<div class=\"elementor-widget-container\">\n\t\t\t\t\t\t\t\t\t\t\t\t\t\t\t<img decoding=\"async\" width=\"900\" height=\"500\" src=\"https:\/\/www.hotel-jumbo.com\/wp-content\/uploads\/2025\/02\/01jdaee1daha3fem9wr4z1nj22-1024x768-2.jpeg\" class=\"elementor-animation-float attachment-large size-large wp-image-2443\" alt=\"\" srcset=\"https:\/\/www.hotel-jumbo.com\/wp-content\/uploads\/2025\/02\/01jdaee1daha3fem9wr4z1nj22-1024x768-2.jpeg 900w, https:\/\/www.hotel-jumbo.com\/wp-content\/uploads\/2025\/02\/01jdaee1daha3fem9wr4z1nj22-1024x768-2-300x167.jpeg 300w, https:\/\/www.hotel-jumbo.com\/wp-content\/uploads\/2025\/02\/01jdaee1daha3fem9wr4z1nj22-1024x768-2-768x427.jpeg 768w, https:\/\/www.hotel-jumbo.com\/wp-content\/uploads\/2025\/02\/01jdaee1daha3fem9wr4z1nj22-1024x768-2-18x10.jpeg 18w\" sizes=\"(max-width: 900px) 100vw, 900px\" \/>\t\t\t\t\t\t\t\t\t\t\t\t\t\t\t<\/div>\n\t\t\t\t<\/div>\n\t\t\t\t<\/div>\n\t\t<div class=\"elementor-element elementor-element-ebe73f1 e-con-full e-flex e-con e-child\" data-id=\"ebe73f1\" data-element_type=\"container\" data-e-type=\"container\">\n\t\t\t\t<div class=\"elementor-element elementor-element-741fb47 elementor-widget elementor-widget-heading\" data-id=\"741fb47\" data-element_type=\"widget\" data-e-type=\"widget\" data-widget_type=\"heading.default\">\n\t\t\t\t<div class=\"elementor-widget-container\">\n\t\t\t\t\t<h3 class=\"elementor-heading-title elementor-size-default\"><a href=\"\/ro\/offers\/long-stay\/\">\u0218edere Lung\u0103<\/a><\/h3>\t\t\t\t<\/div>\n\t\t\t\t<\/div>\n\t\t\t\t<div class=\"elementor-element elementor-element-1719d31 elementor-widget elementor-widget-text-editor\" data-id=\"1719d31\" data-element_type=\"widget\" data-e-type=\"widget\" data-widget_type=\"text-editor.default\">\n\t\t\t\t<div class=\"elementor-widget-container\">\n\t\t\t\t\t\t\t\t\t<p>Plan tarifar special numai pentru vizitatorii site-ului nostru: beneficia\u021bi de o reducere special\u0103 pentru 6 \u0219i mai multe nop\u021bi.\u00a0<\/p>\t\t\t\t\t\t\t\t<\/div>\n\t\t\t\t<\/div>\n\t\t\t\t<div class=\"elementor-element elementor-element-78a8aa3 elementor-widget elementor-widget-button\" data-id=\"78a8aa3\" data-element_type=\"widget\" data-e-type=\"widget\" data-widget_type=\"button.default\">\n\t\t\t\t<div class=\"elementor-widget-container\">\n\t\t\t\t\t\t\t\t\t<div class=\"elementor-button-wrapper\">\n\t\t\t\t\t<a class=\"elementor-button elementor-button-link elementor-size-sm\" href=\"\/ro\/booking\/?be-offer=10072958\">\n\t\t\t\t\t\t<span class=\"elementor-button-content-wrapper\">\n\t\t\t\t\t\t\t\t\t<span class=\"elementor-button-text\">Rezervare<\/span>\n\t\t\t\t\t<\/span>\n\t\t\t\t\t<\/a>\n\t\t\t\t<\/div>\n\t\t\t\t\t\t\t\t<\/div>\n\t\t\t\t<\/div>\n\t\t\t\t<\/div>\n\t\t\t\t\t<\/div>\n\t\t\t\t<\/div>\n\t\t\t\t<\/div>","protected":false},"excerpt":{"rendered":"<p>Special offers Home Unlock a world of savings today! Explore our website and seize the opportunity to elevate your stay with enchanting deals. Bed &#038; Breakfast Immerse yourself in the cozy and comfortable atmosphere of Jumbo Hotel Chi\u0219in\u0103u! Our special rate plan offers the perfect balance of convenience and affordability. Book now Bed &#038; Half [&hellip;]<\/p>\n","protected":false},"author":1,"featured_media":0,"parent":0,"menu_order":0,"comment_status":"closed","ping_status":"closed","template":"","meta":{"site-sidebar-layout":"no-sidebar","site-content-layout":"page-builder","ast-site-content-layout":"full-width-container","site-content-style":"unboxed","site-sidebar-style":"default","ast-global-header-display":"","ast-banner-title-visibility":"","ast-main-header-display":"","ast-hfb-above-header-display":"","ast-hfb-below-header-display":"","ast-hfb-mobile-header-display":"","site-post-title":"disabled","ast-breadcrumbs-content":"disabled","ast-featured-img":"disabled","footer-sml-layout":"","ast-disable-related-posts":"","theme-transparent-header-meta":"enabled","adv-header-id-meta":"","stick-header-meta":"","header-above-stick-meta":"","header-main-stick-meta":"","header-below-stick-meta":"","astra-migrate-meta-layouts":"set","ast-page-background-enabled":"default","ast-page-background-meta":{"desktop":{"background-color":"","background-image":"","background-repeat":"repeat","background-position":"center center","background-size":"auto","background-attachment":"scroll","background-type":"","background-media":"","overlay-type":"","overlay-color":"","overlay-opacity":"","overlay-gradient":""},"tablet":{"background-color":"","background-image":"","background-repeat":"repeat","background-position":"center center","background-size":"auto","background-attachment":"scroll","background-type":"","background-media":"","overlay-type":"","overlay-color":"","overlay-opacity":"","overlay-gradient":""},"mobile":{"background-color":"","background-image":"","background-repeat":"repeat","background-position":"center center","background-size":"auto","background-attachment":"scroll","background-type":"","background-media":"","overlay-type":"","overlay-color":"","overlay-opacity":"","overlay-gradient":""}},"ast-content-background-meta":{"desktop":{"background-color":"var(--ast-global-color-5)","background-image":"","background-repeat":"repeat","background-position":"center center","background-size":"auto","background-attachment":"scroll","background-type":"","background-media":"","overlay-type":"","overlay-color":"","overlay-opacity":"","overlay-gradient":""},"tablet":{"background-color":"var(--ast-global-color-5)","background-image":"","background-repeat":"repeat","background-position":"center center","background-size":"auto","background-attachment":"scroll","background-type":"","background-media":"","overlay-type":"","overlay-color":"","overlay-opacity":"","overlay-gradient":""},"mobile":{"background-color":"var(--ast-global-color-5)","background-image":"","background-repeat":"repeat","background-position":"center center","background-size":"auto","background-attachment":"scroll","background-type":"","background-media":"","overlay-type":"","overlay-color":"","overlay-opacity":"","overlay-gradient":""}},"footnotes":""},"class_list":["post-1494","page","type-page","status-publish","hentry"],"yoast_head":"<!-- This site is optimized with the Yoast SEO plugin v27.4 - https:\/\/yoast.com\/product\/yoast-seo-wordpress\/ -->\n<title>Special offers of Jumbo Hotel, Chisinau<\/title>\n<meta name=\"description\" content=\"Special prices for promotions of Jumbo Hotel, Chisinau 2025. Hurry up to take advantage of the discount and book on the official website at a great offer!\" \/>\n<meta name=\"robots\" content=\"index, follow, max-snippet:-1, max-image-preview:large, max-video-preview:-1\" \/>\n<link rel=\"canonical\" href=\"https:\/\/www.hotel-jumbo.com\/ro\/offers\/\" \/>\n<meta property=\"og:locale\" content=\"ro_RO\" \/>\n<meta property=\"og:type\" content=\"article\" \/>\n<meta property=\"og:title\" content=\"Special offers of Jumbo Hotel, Chisinau\" \/>\n<meta property=\"og:description\" content=\"Special prices for promotions of Jumbo Hotel, Chisinau 2025. Hurry up to take advantage of the discount and book on the official website at a great offer!\" \/>\n<meta property=\"og:url\" content=\"https:\/\/www.hotel-jumbo.com\/ro\/offers\/\" \/>\n<meta property=\"og:site_name\" content=\"Jumbo Hotel\" \/>\n<meta property=\"article:modified_time\" content=\"2025-03-24T12:36:39+00:00\" \/>\n<meta property=\"og:image\" content=\"https:\/\/www.hotel-jumbo.com\/wp-content\/uploads\/2025\/02\/66606152.jpg\" \/>\n<meta name=\"twitter:card\" content=\"summary_large_image\" \/>\n<script type=\"application\/ld+json\" class=\"yoast-schema-graph\">{\"@context\":\"https:\\\/\\\/schema.org\",\"@graph\":[{\"@type\":\"WebPage\",\"@id\":\"https:\\\/\\\/www.hotel-jumbo.com\\\/offers\\\/\",\"url\":\"https:\\\/\\\/www.hotel-jumbo.com\\\/offers\\\/\",\"name\":\"Special offers of Jumbo Hotel, Chisinau\",\"isPartOf\":{\"@id\":\"https:\\\/\\\/www.hotel-jumbo.com\\\/#website\"},\"primaryImageOfPage\":{\"@id\":\"https:\\\/\\\/www.hotel-jumbo.com\\\/offers\\\/#primaryimage\"},\"image\":{\"@id\":\"https:\\\/\\\/www.hotel-jumbo.com\\\/offers\\\/#primaryimage\"},\"thumbnailUrl\":\"https:\\\/\\\/www.hotel-jumbo.com\\\/wp-content\\\/uploads\\\/2025\\\/02\\\/66606152.jpg\",\"datePublished\":\"2023-12-28T14:03:22+00:00\",\"dateModified\":\"2025-03-24T12:36:39+00:00\",\"description\":\"Special prices for promotions of Jumbo Hotel, Chisinau 2025. Hurry up to take advantage of the discount and book on the official website at a great offer!\",\"breadcrumb\":{\"@id\":\"https:\\\/\\\/www.hotel-jumbo.com\\\/offers\\\/#breadcrumb\"},\"inLanguage\":\"ro-RO\",\"potentialAction\":[{\"@type\":\"ReadAction\",\"target\":[\"https:\\\/\\\/www.hotel-jumbo.com\\\/offers\\\/\"]}]},{\"@type\":\"ImageObject\",\"inLanguage\":\"ro-RO\",\"@id\":\"https:\\\/\\\/www.hotel-jumbo.com\\\/offers\\\/#primaryimage\",\"url\":\"https:\\\/\\\/www.hotel-jumbo.com\\\/wp-content\\\/uploads\\\/2025\\\/02\\\/66606152.jpg\",\"contentUrl\":\"https:\\\/\\\/www.hotel-jumbo.com\\\/wp-content\\\/uploads\\\/2025\\\/02\\\/66606152.jpg\"},{\"@type\":\"BreadcrumbList\",\"@id\":\"https:\\\/\\\/www.hotel-jumbo.com\\\/offers\\\/#breadcrumb\",\"itemListElement\":[{\"@type\":\"ListItem\",\"position\":1,\"name\":\"Home\",\"item\":\"https:\\\/\\\/www.hotel-jumbo.com\\\/\"},{\"@type\":\"ListItem\",\"position\":2,\"name\":\"Special offers\"}]},{\"@type\":\"WebSite\",\"@id\":\"https:\\\/\\\/www.hotel-jumbo.com\\\/#website\",\"url\":\"https:\\\/\\\/www.hotel-jumbo.com\\\/\",\"name\":\"Jumbo Hotel, Chisinau\",\"description\":\"Official Website\",\"publisher\":{\"@id\":\"https:\\\/\\\/www.hotel-jumbo.com\\\/#organization\"},\"potentialAction\":[{\"@type\":\"SearchAction\",\"target\":{\"@type\":\"EntryPoint\",\"urlTemplate\":\"https:\\\/\\\/www.hotel-jumbo.com\\\/?s={search_term_string}\"},\"query-input\":{\"@type\":\"PropertyValueSpecification\",\"valueRequired\":true,\"valueName\":\"search_term_string\"}}],\"inLanguage\":\"ro-RO\"},{\"@type\":\"Organization\",\"@id\":\"https:\\\/\\\/www.hotel-jumbo.com\\\/#organization\",\"name\":\"Jumbo Hotel, Chisinau\",\"url\":\"https:\\\/\\\/www.hotel-jumbo.com\\\/\",\"logo\":{\"@type\":\"ImageObject\",\"inLanguage\":\"ro-RO\",\"@id\":\"https:\\\/\\\/www.hotel-jumbo.com\\\/#\\\/schema\\\/logo\\\/image\\\/\",\"url\":\"https:\\\/\\\/www.hotel-jumbo.com\\\/wp-content\\\/uploads\\\/2025\\\/01\\\/cropped-logo.png\",\"contentUrl\":\"https:\\\/\\\/www.hotel-jumbo.com\\\/wp-content\\\/uploads\\\/2025\\\/01\\\/cropped-logo.png\",\"width\":285,\"height\":185,\"caption\":\"Jumbo Hotel, Chisinau\"},\"image\":{\"@id\":\"https:\\\/\\\/www.hotel-jumbo.com\\\/#\\\/schema\\\/logo\\\/image\\\/\"}}]}<\/script>\n<!-- \/ Yoast SEO plugin. -->","yoast_head_json":{"title":"Promo\u021bii speciale Hotel Jumbo, Chisinau","description":"Pre\u021buri speciale pentru promo\u021biile Hotel Jumbo, Chi\u0219in\u0103u 2025. Gr\u0103be\u0219te-te s\u0103 profiti de reducere \u0219i rezerv\u0103 pe site-ul oficial la o ofert\u0103 grozav\u0103!","robots":{"index":"index","follow":"follow","max-snippet":"max-snippet:-1","max-image-preview":"max-image-preview:large","max-video-preview":"max-video-preview:-1"},"canonical":"https:\/\/www.hotel-jumbo.com\/ro\/offers\/","og_locale":"ro_RO","og_type":"article","og_title":"Special offers of Jumbo Hotel, Chisinau","og_description":"Special prices for promotions of Jumbo Hotel, Chisinau 2025. Hurry up to take advantage of the discount and book on the official website at a great offer!","og_url":"https:\/\/www.hotel-jumbo.com\/ro\/offers\/","og_site_name":"Jumbo Hotel","article_modified_time":"2025-03-24T12:36:39+00:00","og_image":[{"url":"https:\/\/www.hotel-jumbo.com\/wp-content\/uploads\/2025\/02\/66606152.jpg","type":"","width":"","height":""}],"twitter_card":"summary_large_image","schema":{"@context":"https:\/\/schema.org","@graph":[{"@type":"WebPage","@id":"https:\/\/www.hotel-jumbo.com\/offers\/","url":"https:\/\/www.hotel-jumbo.com\/offers\/","name":"Promo\u021bii speciale Hotel Jumbo, Chisinau","isPartOf":{"@id":"https:\/\/www.hotel-jumbo.com\/#website"},"primaryImageOfPage":{"@id":"https:\/\/www.hotel-jumbo.com\/offers\/#primaryimage"},"image":{"@id":"https:\/\/www.hotel-jumbo.com\/offers\/#primaryimage"},"thumbnailUrl":"https:\/\/www.hotel-jumbo.com\/wp-content\/uploads\/2025\/02\/66606152.jpg","datePublished":"2023-12-28T14:03:22+00:00","dateModified":"2025-03-24T12:36:39+00:00","description":"Pre\u021buri speciale pentru promo\u021biile Hotel Jumbo, Chi\u0219in\u0103u 2025. Gr\u0103be\u0219te-te s\u0103 profiti de reducere \u0219i rezerv\u0103 pe site-ul oficial la o ofert\u0103 grozav\u0103!","breadcrumb":{"@id":"https:\/\/www.hotel-jumbo.com\/offers\/#breadcrumb"},"inLanguage":"ro-RO","potentialAction":[{"@type":"ReadAction","target":["https:\/\/www.hotel-jumbo.com\/offers\/"]}]},{"@type":"ImageObject","inLanguage":"ro-RO","@id":"https:\/\/www.hotel-jumbo.com\/offers\/#primaryimage","url":"https:\/\/www.hotel-jumbo.com\/wp-content\/uploads\/2025\/02\/66606152.jpg","contentUrl":"https:\/\/www.hotel-jumbo.com\/wp-content\/uploads\/2025\/02\/66606152.jpg"},{"@type":"BreadcrumbList","@id":"https:\/\/www.hotel-jumbo.com\/offers\/#breadcrumb","itemListElement":[{"@type":"ListItem","position":1,"name":"Home","item":"https:\/\/www.hotel-jumbo.com\/"},{"@type":"ListItem","position":2,"name":"Special offers"}]},{"@type":"WebSite","@id":"https:\/\/www.hotel-jumbo.com\/#website","url":"https:\/\/www.hotel-jumbo.com\/","name":"Hotel Jumbo, Chi\u0219in\u0103u","description":"Site-ul oficial","publisher":{"@id":"https:\/\/www.hotel-jumbo.com\/#organization"},"potentialAction":[{"@type":"SearchAction","target":{"@type":"EntryPoint","urlTemplate":"https:\/\/www.hotel-jumbo.com\/?s={search_term_string}"},"query-input":{"@type":"PropertyValueSpecification","valueRequired":true,"valueName":"search_term_string"}}],"inLanguage":"ro-RO"},{"@type":"Organization","@id":"https:\/\/www.hotel-jumbo.com\/#organization","name":"Hotel Jumbo, Chi\u0219in\u0103u","url":"https:\/\/www.hotel-jumbo.com\/","logo":{"@type":"ImageObject","inLanguage":"ro-RO","@id":"https:\/\/www.hotel-jumbo.com\/#\/schema\/logo\/image\/","url":"https:\/\/www.hotel-jumbo.com\/wp-content\/uploads\/2025\/01\/cropped-logo.png","contentUrl":"https:\/\/www.hotel-jumbo.com\/wp-content\/uploads\/2025\/01\/cropped-logo.png","width":285,"height":185,"caption":"Jumbo Hotel, Chisinau"},"image":{"@id":"https:\/\/www.hotel-jumbo.com\/#\/schema\/logo\/image\/"}}]}},"_links":{"self":[{"href":"https:\/\/www.hotel-jumbo.com\/ro\/wp-json\/wp\/v2\/pages\/1494","targetHints":{"allow":["GET"]}}],"collection":[{"href":"https:\/\/www.hotel-jumbo.com\/ro\/wp-json\/wp\/v2\/pages"}],"about":[{"href":"https:\/\/www.hotel-jumbo.com\/ro\/wp-json\/wp\/v2\/types\/page"}],"author":[{"embeddable":true,"href":"https:\/\/www.hotel-jumbo.com\/ro\/wp-json\/wp\/v2\/users\/1"}],"replies":[{"embeddable":true,"href":"https:\/\/www.hotel-jumbo.com\/ro\/wp-json\/wp\/v2\/comments?post=1494"}],"version-history":[{"count":70,"href":"https:\/\/www.hotel-jumbo.com\/ro\/wp-json\/wp\/v2\/pages\/1494\/revisions"}],"predecessor-version":[{"id":3047,"href":"https:\/\/www.hotel-jumbo.com\/ro\/wp-json\/wp\/v2\/pages\/1494\/revisions\/3047"}],"wp:attachment":[{"href":"https:\/\/www.hotel-jumbo.com\/ro\/wp-json\/wp\/v2\/media?parent=1494"}],"curies":[{"name":"wp","href":"https:\/\/api.w.org\/{rel}","templated":true}]}}