{"id":2098,"date":"2025-01-28T09:21:26","date_gmt":"2025-01-28T09:21:26","guid":{"rendered":"https:\/\/www.hotel-jumbo.com\/?page_id=2098"},"modified":"2025-03-26T12:21:48","modified_gmt":"2025-03-26T12:21:48","slug":"booking","status":"publish","type":"page","link":"https:\/\/www.hotel-jumbo.com\/ro\/booking\/","title":{"rendered":"Rezervare"},"content":{"rendered":"<div data-elementor-type=\"wp-page\" data-elementor-id=\"2098\" class=\"elementor elementor-2098\">\n\t\t\t\t\t\t<section class=\"elementor-section elementor-top-section elementor-element elementor-element-e9a13c2 elementor-section-boxed elementor-section-height-default elementor-section-height-default\" data-id=\"e9a13c2\" data-element_type=\"section\" data-e-type=\"section\" data-settings=\"{&quot;background_background&quot;:&quot;classic&quot;}\">\n\t\t\t\t\t\t<div class=\"elementor-container elementor-column-gap-no\">\n\t\t\t\t\t<div class=\"elementor-column elementor-col-100 elementor-top-column elementor-element elementor-element-b85212a\" data-id=\"b85212a\" data-element_type=\"column\" data-e-type=\"column\">\n\t\t\t<div class=\"elementor-widget-wrap elementor-element-populated\">\n\t\t\t\t\t\t<div class=\"elementor-element elementor-element-7edab45 elementor-widget elementor-widget-heading\" data-id=\"7edab45\" data-element_type=\"widget\" data-e-type=\"widget\" data-widget_type=\"heading.default\">\n\t\t\t\t<div class=\"elementor-widget-container\">\n\t\t\t\t\t<h1 class=\"elementor-heading-title elementor-size-default\">Rezervare<\/h1>\t\t\t\t<\/div>\n\t\t\t\t<\/div>\n\t\t\t\t\t<\/div>\n\t\t<\/div>\n\t\t\t\t\t<\/div>\n\t\t<\/section>\n\t\t<div class=\"elementor-element elementor-element-0882f58 e-flex e-con-boxed e-con e-parent\" data-id=\"0882f58\" data-element_type=\"container\" data-e-type=\"container\">\n\t\t\t\t\t<div class=\"e-con-inner\">\n\t\t\t\t<div class=\"elementor-element elementor-element-c4d8d81 elementor-widget elementor-widget-hfe-breadcrumbs-widget\" data-id=\"c4d8d81\" data-element_type=\"widget\" data-e-type=\"widget\" data-widget_type=\"hfe-breadcrumbs-widget.default\">\n\t\t\t\t<div class=\"elementor-widget-container\">\n\t\t\t\t\t<nav aria-label=\"Miezul de p\u00e2ine\"><ul class=\"hfe-breadcrumbs hfe-breadcrumbs-show-home\"><li class=\"hfe-breadcrumbs-item hfe-breadcrumbs-first\"><span class=\"hfe-breadcrumbs-home-icon\"><svg aria-hidden=\"true\" class=\"e-font-icon-svg e-fas-home\" viewbox=\"0 0 576 512\" xmlns=\"http:\/\/www.w3.org\/2000\/svg\"><path d=\"M280.37 148.26L96 300.11V464a16 16 0 0 0 16 16l112.06-.29a16 16 0 0 0 15.92-16V368a16 16 0 0 1 16-16h64a16 16 0 0 1 16 16v95.64a16 16 0 0 0 16 16.05L464 480a16 16 0 0 0 16-16V300L295.67 148.26a12.19 12.19 0 0 0-15.3 0zM571.6 251.47L488 182.56V44.05a12 12 0 0 0-12-12h-56a12 12 0 0 0-12 12v72.61L318.47 43a48 48 0 0 0-61 0L4.34 251.47a12 12 0 0 0-1.6 16.9l25.5 31A12 12 0 0 0 45.15 301l235.22-193.74a12.19 12.19 0 0 1 15.3 0L530.9 301a12 12 0 0 0 16.9-1.6l25.5-31a12 12 0 0 0-1.7-16.93z\"><\/path><\/svg><\/span><a href=\"https:\/\/www.hotel-jumbo.com\/ro\/\"><span class=\"hfe-breadcrumbs-text\">Prima<\/span><\/a><\/li><\/ul><\/nav>\t\t\t\t<\/div>\n\t\t\t\t<\/div>\n\t\t\t\t\t<\/div>\n\t\t\t\t<\/div>\n\t\t\t\t<section class=\"elementor-section elementor-top-section elementor-element elementor-element-311da73 elementor-section-boxed elementor-section-height-default elementor-section-height-default\" data-id=\"311da73\" data-element_type=\"section\" data-e-type=\"section\">\n\t\t\t\t\t\t<div class=\"elementor-container elementor-column-gap-no\">\n\t\t\t\t\t<div class=\"elementor-column elementor-col-100 elementor-top-column elementor-element elementor-element-b462477\" data-id=\"b462477\" data-element_type=\"column\" data-e-type=\"column\">\n\t\t\t<div class=\"elementor-widget-wrap elementor-element-populated\">\n\t\t\t\t\t\t<div class=\"elementor-element elementor-element-7a1779f elementor-widget elementor-widget-heading\" data-id=\"7a1779f\" data-element_type=\"widget\" data-e-type=\"widget\" data-widget_type=\"heading.default\">\n\t\t\t\t<div class=\"elementor-widget-container\">\n\t\t\t\t\t<h2 class=\"elementor-heading-title elementor-size-default\">Rezerva\u021bi-v\u0103 un sejur la Hotelul Jumbo din Chi\u0219in\u0103u<\/h2>\t\t\t\t<\/div>\n\t\t\t\t<\/div>\n\t\t\t\t\t<\/div>\n\t\t<\/div>\n\t\t\t\t\t<\/div>\n\t\t<\/section>\n\t\t<div class=\"elementor-element elementor-element-428cb1e e-flex e-con-boxed e-con e-parent\" data-id=\"428cb1e\" data-element_type=\"container\" data-e-type=\"container\">\n\t\t\t\t\t<div class=\"e-con-inner\">\n\t\t\t\t<div class=\"elementor-element elementor-element-3d63cbe elementor-widget elementor-widget-text-editor\" data-id=\"3d63cbe\" data-element_type=\"widget\" data-e-type=\"widget\" data-widget_type=\"text-editor.default\">\n\t\t\t\t<div class=\"elementor-widget-container\">\n\t\t\t\t\t\t\t\t\t<p><style>\n#be-booking-form {<br \/>\n  width: 100%;<br \/>\n  max-width: 970px;<br \/>\n  margin: 0 auto;<br \/>\n}<\/p>\n<p>#tl-booking-cart {<br \/>\n  z-index: 1 !important;<br \/>\n}<br \/>\n<\/style><\/p><p><!-- start Booking form script --><\/p><div id=\"be-booking-form\">\u00a0<\/div><p><!-- end Booking form script --><!-- \/wp:html --><\/p>\t\t\t\t\t\t\t\t<\/div>\n\t\t\t\t<\/div>\n\t\t\t\t\t<\/div>\n\t\t\t\t<\/div>\n\t\t\t\t<\/div>","protected":false},"excerpt":{"rendered":"<p>Rezervare Acas\u0103 Rezerva\u021bi-v\u0103 un sejur la Jumbo Hotel \u00een Chi\u0219in\u0103u \u00a0<\/p>","protected":false},"author":1,"featured_media":0,"parent":0,"menu_order":0,"comment_status":"closed","ping_status":"closed","template":"","meta":{"site-sidebar-layout":"no-sidebar","site-content-layout":"page-builder","ast-site-content-layout":"full-width-container","site-content-style":"unboxed","site-sidebar-style":"unboxed","ast-global-header-display":"","ast-banner-title-visibility":"","ast-main-header-display":"","ast-hfb-above-header-display":"","ast-hfb-below-header-display":"","ast-hfb-mobile-header-display":"","site-post-title":"disabled","ast-breadcrumbs-content":"disabled","ast-featured-img":"disabled","footer-sml-layout":"","ast-disable-related-posts":"","theme-transparent-header-meta":"enabled","adv-header-id-meta":"","stick-header-meta":"","header-above-stick-meta":"","header-main-stick-meta":"","header-below-stick-meta":"","astra-migrate-meta-layouts":"set","ast-page-background-enabled":"default","ast-page-background-meta":{"desktop":{"background-color":"","background-image":"","background-repeat":"repeat","background-position":"center center","background-size":"auto","background-attachment":"scroll","background-type":"","background-media":"","overlay-type":"","overlay-color":"","overlay-opacity":"","overlay-gradient":""},"tablet":{"background-color":"","background-image":"","background-repeat":"repeat","background-position":"center center","background-size":"auto","background-attachment":"scroll","background-type":"","background-media":"","overlay-type":"","overlay-color":"","overlay-opacity":"","overlay-gradient":""},"mobile":{"background-color":"","background-image":"","background-repeat":"repeat","background-position":"center center","background-size":"auto","background-attachment":"scroll","background-type":"","background-media":"","overlay-type":"","overlay-color":"","overlay-opacity":"","overlay-gradient":""}},"ast-content-background-meta":{"desktop":{"background-color":"var(--ast-global-color-5)","background-image":"","background-repeat":"repeat","background-position":"center center","background-size":"auto","background-attachment":"scroll","background-type":"","background-media":"","overlay-type":"","overlay-color":"","overlay-opacity":"","overlay-gradient":""},"tablet":{"background-color":"var(--ast-global-color-5)","background-image":"","background-repeat":"repeat","background-position":"center center","background-size":"auto","background-attachment":"scroll","background-type":"","background-media":"","overlay-type":"","overlay-color":"","overlay-opacity":"","overlay-gradient":""},"mobile":{"background-color":"var(--ast-global-color-5)","background-image":"","background-repeat":"repeat","background-position":"center center","background-size":"auto","background-attachment":"scroll","background-type":"","background-media":"","overlay-type":"","overlay-color":"","overlay-opacity":"","overlay-gradient":""}},"footnotes":""},"class_list":["post-2098","page","type-page","status-publish","hentry"],"yoast_head":"<!-- This site is optimized with the Yoast SEO plugin v27.4 - https:\/\/yoast.com\/product\/yoast-seo-wordpress\/ -->\n<title>Online booking at Jumbo Hotel, Chisinau<\/title>\n<meta name=\"description\" content=\"Book a room online at the 2025 price in the hotel Jumbo Hotel, Chisinau. Booking on the official site of the Jumbo Hotel will take a few minutes, after which the selected room will be assigned to you.\" \/>\n<meta name=\"robots\" content=\"index, follow, max-snippet:-1, max-image-preview:large, max-video-preview:-1\" \/>\n<link rel=\"canonical\" href=\"https:\/\/www.hotel-jumbo.com\/ro\/booking\/\" \/>\n<meta property=\"og:locale\" content=\"ro_RO\" \/>\n<meta property=\"og:type\" content=\"article\" \/>\n<meta property=\"og:title\" content=\"Online booking at Jumbo Hotel, Chisinau\" \/>\n<meta property=\"og:description\" content=\"Book a room online at the 2025 price in the hotel Jumbo Hotel, Chisinau. Booking on the official site of the Jumbo Hotel will take a few minutes, after which the selected room will be assigned to you.\" \/>\n<meta property=\"og:url\" content=\"https:\/\/www.hotel-jumbo.com\/ro\/booking\/\" \/>\n<meta property=\"og:site_name\" content=\"Jumbo Hotel\" \/>\n<meta property=\"article:modified_time\" content=\"2025-03-26T12:21:48+00:00\" \/>\n<meta property=\"og:image\" content=\"https:\/\/www.hotel-jumbo.com\/wp-content\/uploads\/2025\/01\/01jfqfec8dsamybmgxztjd4g9j.jpeg\" \/>\n\t<meta property=\"og:image:width\" content=\"1024\" \/>\n\t<meta property=\"og:image:height\" content=\"683\" \/>\n\t<meta property=\"og:image:type\" content=\"image\/jpeg\" \/>\n<meta name=\"twitter:card\" content=\"summary_large_image\" \/>\n<script type=\"application\/ld+json\" class=\"yoast-schema-graph\">{\"@context\":\"https:\\\/\\\/schema.org\",\"@graph\":[{\"@type\":\"WebPage\",\"@id\":\"https:\\\/\\\/www.hotel-jumbo.com\\\/booking\\\/\",\"url\":\"https:\\\/\\\/www.hotel-jumbo.com\\\/booking\\\/\",\"name\":\"Online booking at Jumbo Hotel, Chisinau\",\"isPartOf\":{\"@id\":\"https:\\\/\\\/www.hotel-jumbo.com\\\/#website\"},\"datePublished\":\"2025-01-28T09:21:26+00:00\",\"dateModified\":\"2025-03-26T12:21:48+00:00\",\"description\":\"Book a room online at the 2025 price in the hotel Jumbo Hotel, Chisinau. Booking on the official site of the Jumbo Hotel will take a few minutes, after which the selected room will be assigned to you.\",\"breadcrumb\":{\"@id\":\"https:\\\/\\\/www.hotel-jumbo.com\\\/booking\\\/#breadcrumb\"},\"inLanguage\":\"ro-RO\",\"potentialAction\":[{\"@type\":\"ReadAction\",\"target\":[\"https:\\\/\\\/www.hotel-jumbo.com\\\/booking\\\/\"]}]},{\"@type\":\"BreadcrumbList\",\"@id\":\"https:\\\/\\\/www.hotel-jumbo.com\\\/booking\\\/#breadcrumb\",\"itemListElement\":[{\"@type\":\"ListItem\",\"position\":1,\"name\":\"Home\",\"item\":\"https:\\\/\\\/www.hotel-jumbo.com\\\/\"},{\"@type\":\"ListItem\",\"position\":2,\"name\":\"Booking\"}]},{\"@type\":\"WebSite\",\"@id\":\"https:\\\/\\\/www.hotel-jumbo.com\\\/#website\",\"url\":\"https:\\\/\\\/www.hotel-jumbo.com\\\/\",\"name\":\"Jumbo Hotel, Chisinau\",\"description\":\"Official Website\",\"publisher\":{\"@id\":\"https:\\\/\\\/www.hotel-jumbo.com\\\/#organization\"},\"potentialAction\":[{\"@type\":\"SearchAction\",\"target\":{\"@type\":\"EntryPoint\",\"urlTemplate\":\"https:\\\/\\\/www.hotel-jumbo.com\\\/?s={search_term_string}\"},\"query-input\":{\"@type\":\"PropertyValueSpecification\",\"valueRequired\":true,\"valueName\":\"search_term_string\"}}],\"inLanguage\":\"ro-RO\"},{\"@type\":\"Organization\",\"@id\":\"https:\\\/\\\/www.hotel-jumbo.com\\\/#organization\",\"name\":\"Jumbo Hotel, Chisinau\",\"url\":\"https:\\\/\\\/www.hotel-jumbo.com\\\/\",\"logo\":{\"@type\":\"ImageObject\",\"inLanguage\":\"ro-RO\",\"@id\":\"https:\\\/\\\/www.hotel-jumbo.com\\\/#\\\/schema\\\/logo\\\/image\\\/\",\"url\":\"https:\\\/\\\/www.hotel-jumbo.com\\\/wp-content\\\/uploads\\\/2025\\\/01\\\/cropped-logo.png\",\"contentUrl\":\"https:\\\/\\\/www.hotel-jumbo.com\\\/wp-content\\\/uploads\\\/2025\\\/01\\\/cropped-logo.png\",\"width\":285,\"height\":185,\"caption\":\"Jumbo Hotel, Chisinau\"},\"image\":{\"@id\":\"https:\\\/\\\/www.hotel-jumbo.com\\\/#\\\/schema\\\/logo\\\/image\\\/\"}}]}<\/script>\n<!-- \/ Yoast SEO plugin. -->","yoast_head_json":{"title":"Rezervare online la Hotel Jumbo, Chi\u0219in\u0103u","description":"Rezerva\u021bi o camer\u0103 online la pre\u021bul 2025 la hotel Jumbo Hotel, Chi\u0219in\u0103u. Rezervarea pe site-ul oficial al Hotelului Jumbo va dura c\u00e2teva minute, dup\u0103 care camera selectat\u0103 v\u0103 va fi alocat\u0103.","robots":{"index":"index","follow":"follow","max-snippet":"max-snippet:-1","max-image-preview":"max-image-preview:large","max-video-preview":"max-video-preview:-1"},"canonical":"https:\/\/www.hotel-jumbo.com\/ro\/booking\/","og_locale":"ro_RO","og_type":"article","og_title":"Online booking at Jumbo Hotel, Chisinau","og_description":"Book a room online at the 2025 price in the hotel Jumbo Hotel, Chisinau. Booking on the official site of the Jumbo Hotel will take a few minutes, after which the selected room will be assigned to you.","og_url":"https:\/\/www.hotel-jumbo.com\/ro\/booking\/","og_site_name":"Jumbo Hotel","article_modified_time":"2025-03-26T12:21:48+00:00","og_image":[{"width":1024,"height":683,"url":"https:\/\/www.hotel-jumbo.com\/wp-content\/uploads\/2025\/01\/01jfqfec8dsamybmgxztjd4g9j.jpeg","type":"image\/jpeg"}],"twitter_card":"summary_large_image","schema":{"@context":"https:\/\/schema.org","@graph":[{"@type":"WebPage","@id":"https:\/\/www.hotel-jumbo.com\/booking\/","url":"https:\/\/www.hotel-jumbo.com\/booking\/","name":"Rezervare online la Hotel Jumbo, Chi\u0219in\u0103u","isPartOf":{"@id":"https:\/\/www.hotel-jumbo.com\/#website"},"datePublished":"2025-01-28T09:21:26+00:00","dateModified":"2025-03-26T12:21:48+00:00","description":"Rezerva\u021bi o camer\u0103 online la pre\u021bul 2025 la hotel Jumbo Hotel, Chi\u0219in\u0103u. Rezervarea pe site-ul oficial al Hotelului Jumbo va dura c\u00e2teva minute, dup\u0103 care camera selectat\u0103 v\u0103 va fi alocat\u0103.","breadcrumb":{"@id":"https:\/\/www.hotel-jumbo.com\/booking\/#breadcrumb"},"inLanguage":"ro-RO","potentialAction":[{"@type":"ReadAction","target":["https:\/\/www.hotel-jumbo.com\/booking\/"]}]},{"@type":"BreadcrumbList","@id":"https:\/\/www.hotel-jumbo.com\/booking\/#breadcrumb","itemListElement":[{"@type":"ListItem","position":1,"name":"Home","item":"https:\/\/www.hotel-jumbo.com\/"},{"@type":"ListItem","position":2,"name":"Booking"}]},{"@type":"WebSite","@id":"https:\/\/www.hotel-jumbo.com\/#website","url":"https:\/\/www.hotel-jumbo.com\/","name":"Hotel Jumbo, Chi\u0219in\u0103u","description":"Site-ul oficial","publisher":{"@id":"https:\/\/www.hotel-jumbo.com\/#organization"},"potentialAction":[{"@type":"SearchAction","target":{"@type":"EntryPoint","urlTemplate":"https:\/\/www.hotel-jumbo.com\/?s={search_term_string}"},"query-input":{"@type":"PropertyValueSpecification","valueRequired":true,"valueName":"search_term_string"}}],"inLanguage":"ro-RO"},{"@type":"Organization","@id":"https:\/\/www.hotel-jumbo.com\/#organization","name":"Hotel Jumbo, Chi\u0219in\u0103u","url":"https:\/\/www.hotel-jumbo.com\/","logo":{"@type":"ImageObject","inLanguage":"ro-RO","@id":"https:\/\/www.hotel-jumbo.com\/#\/schema\/logo\/image\/","url":"https:\/\/www.hotel-jumbo.com\/wp-content\/uploads\/2025\/01\/cropped-logo.png","contentUrl":"https:\/\/www.hotel-jumbo.com\/wp-content\/uploads\/2025\/01\/cropped-logo.png","width":285,"height":185,"caption":"Jumbo Hotel, Chisinau"},"image":{"@id":"https:\/\/www.hotel-jumbo.com\/#\/schema\/logo\/image\/"}}]}},"_links":{"self":[{"href":"https:\/\/www.hotel-jumbo.com\/ro\/wp-json\/wp\/v2\/pages\/2098","targetHints":{"allow":["GET"]}}],"collection":[{"href":"https:\/\/www.hotel-jumbo.com\/ro\/wp-json\/wp\/v2\/pages"}],"about":[{"href":"https:\/\/www.hotel-jumbo.com\/ro\/wp-json\/wp\/v2\/types\/page"}],"author":[{"embeddable":true,"href":"https:\/\/www.hotel-jumbo.com\/ro\/wp-json\/wp\/v2\/users\/1"}],"replies":[{"embeddable":true,"href":"https:\/\/www.hotel-jumbo.com\/ro\/wp-json\/wp\/v2\/comments?post=2098"}],"version-history":[{"count":22,"href":"https:\/\/www.hotel-jumbo.com\/ro\/wp-json\/wp\/v2\/pages\/2098\/revisions"}],"predecessor-version":[{"id":3032,"href":"https:\/\/www.hotel-jumbo.com\/ro\/wp-json\/wp\/v2\/pages\/2098\/revisions\/3032"}],"wp:attachment":[{"href":"https:\/\/www.hotel-jumbo.com\/ro\/wp-json\/wp\/v2\/media?parent=2098"}],"curies":[{"name":"wp","href":"https:\/\/api.w.org\/{rel}","templated":true}]}}